{"id":35122,"date":"2023-03-02T09:13:22","date_gmt":"2023-03-02T09:13:22","guid":{"rendered":"https:\/\/kokouspoukama.fi\/?page_id=35122"},"modified":"2024-11-28T13:22:15","modified_gmt":"2024-11-28T13:22:15","slug":"sustainability","status":"publish","type":"page","link":"https:\/\/kokouspoukama.fi\/en\/sustainability\/","title":{"rendered":"Sustainability"},"content":{"rendered":"<p><img decoding=\"async\" src=\"\/wp-content\/uploads\/2024\/03\/kokouspoukama-laituri.jpg\" alt=\"kokouspoukama laituri\"><\/p>\n<div>Sustainable development activities in Kokouspoukama.<\/div>\n<h1>Sustainable tourism in Poukama<\/h1>\n<div>\n<p>We operate in the unique environment of the Porvoo archipelago, where nature and the Gulf of Finland are not only the basis of our livelihood, but also matters of our hearts. We want to take responsibility for this precious environment and ensure that our operations continue to support sustainable development and the well-being of nature in the future.<\/p>\n<p>Nature and the Baltic Sea first<\/p>\n<p>Responsible use and protection of water<br \/>We ensure that all our wastewater treatment systems are modern and in line with the requirements for the protection of the Baltic Sea. We also favour biodegradable cleaning agents and avoid chemicals that can harm sensitive island habitats.<\/p>\n<p>Respect for ecosystems<\/p>\n<p>We maintain the natural environment of our farms and support local projects that promote biodiversity in the archipelago.<br \/>Responsible procurement and energy use<br \/>From the very beginning, we have created an environment where sustainable development values are present in our daily work. However, we are aware that the sustainability journey is one of continuous learning and improvement.<\/p>\n<p>Improving energy efficiency<\/p>\n<p>Our goal is to complete the development projects on heat recovery and energy optimisation. This will reduce energy consumption and support the transition towards carbon neutrality.<\/p>\n<p>Responsible transport solutions<\/p>\n<p>We aim to phase out internal combustion engine vehicles from our operations, but recognise that the availability of suitable replacement technologies is still a challenge. We will continue to actively explore and pilot sustainable alternatives.<\/p>\n<p>Local and ecological choices<br \/>We use mainly local and organic products, especially island delicacies, to support local entrepreneurs and reduce emissions from transport.<\/p>\n<p>Energy efficiency and renewable energy<br \/>We use energy-efficient solutions on our premises and a large part of our energy comes from renewable sources, such as geothermal heat.<br \/>Promoting environmental awareness<br \/>Education and communication<\/p>\n<p>We provide our customers with information about the uniqueness of the Porvoo archipelago and tips for responsible tourism. In addition, our staff are trained in environmentally friendly practices.<\/p>\n<p>Cooperation and commitment<\/p>\n<p>We work closely with local communities and stakeholders to strengthen the vitality of the Porvoo archipelago and the sustainability of tourism.<\/p>\n<p>The &#8220;Habitability&#8221; project<\/p>\n<p>We are involved in the &#8216;Habitability of Em\u00e4salo, Vess\u00f6 and Pelling&#8217; project, which supports the sustainable development of the archipelago&#8217;s communities and lays the foundations for long-term cooperation.<\/p>\n<p>Local initiatives and networks<\/p>\n<p>Collaborative projects between the Summer Market and the Village Hall highlight local expertise and promote economic sustainability. We are building a network of entrepreneurs in the area, which will increase the competitiveness and stability of the whole region.<\/p>\n<p>We continue to actively cooperate with other local actors and environmental organisations to protect the Baltic Sea and the archipelago&#8217;s nature.<br \/>The aim of the Kokouspoukama is to be an example of how events can be organised in harmony with nature.<br \/>We believe that every sustainable act, large or small, is a step towards a more vibrant future, both here in the Porvoo archipelago and on the planet.<\/p>\n<p>Towards a carbon neutral approach<\/p>\n<p>We aim to create annual action plans that build on the achievements of the previous year. This step-by-step development work is aimed at a carbon-neutral operating model that can serve as an example for other Finnish companies.<\/p>\n<p>The commitment of our management, staff and subcontractors to these targets is crucial. We want to leave a legacy of a sustainable and responsible operating environment that combines successful business, support for local communities and environmental well-being.<\/p>\n<p>We have started to monitor the environmental impacts and damage of our operations. This information will help us to make more detailed plans to ensure a successful business while ensuring the best experience for our guests and minimising our impact on the local environment. In this way, we adapt our operations to the impacts of climate change and do not overburden nature with excessive numbers of tourists. In this way, we ensure that we leave our environment more sustainable for future generations.<\/p>\n<p>Economic sustainability is the cornerstone of all this. Together with local residents and entrepreneurs in the surrounding area, we are working to create a network that, together with our partners, will make us a reliable and financially stable operator. This will include a plan to support the local environment<\/p>\n<p>It is the responsibility of the company&#8217;s management, its staff and all subcontractors to ensure that these measures are implemented.<\/p>\n<\/div>\n<ul>\n<li>\n<p>        <img decoding=\"async\" src=\"\/wp-content\/uploads\/2023\/03\/Poukama-Oy-certificate.jpg\" alt=\"Poukama Good travel seal sertifikaatti\"><\/p>\n<\/li>\n<li>\n<p>        <img decoding=\"async\" src=\"\/wp-content\/uploads\/2024\/11\/Kierratys-1-scaled.jpg\" alt=\"\"><\/p>\n<h3>Kierr\u00e4tys (1)<\/h3>\n<\/li>\n<li>\n<p>        <img decoding=\"async\" src=\"\/wp-content\/uploads\/2023\/05\/Sustainable_Finland_Label_RGB_tm-1.png\" alt=\"\"><\/p>\n<h3>Sustainable_Finland_Label_RGB_tm (1)<\/h3>\n<\/li>\n<\/ul>\n<p>\n    <a href=\"\/meista\/yhteystiedot\/\">Ota yhteytt\u00e4 ><\/a>\n<\/p>\n<p><!--more--><br \/>\n<!-- {\"type\":\"layout\",\"children\":[{\"name\":\"sivun alku 2\",\"type\":\"section\",\"props\":{\"animation_delay\":false,\"image\":\"wp-content\\\/uploads\\\/2024\\\/03\\\/kokouspoukama-laituri.jpg\",\"image_position\":\"center-center\",\"overlap\":true,\"padding\":\"small\",\"padding_remove_bottom\":false,\"padding_remove_top\":true,\"style\":\"default\",\"title_breakpoint\":\"xl\",\"title_position\":\"top-left\",\"title_rotation\":\"left\",\"vertical_align\":\"\",\"width\":\"\"},\"children\":[{\"type\":\"row\",\"props\":{\"margin_remove_bottom\":false},\"children\":[{\"type\":\"column\",\"props\":{\"image_position\":\"center-center\",\"position_sticky_breakpoint\":\"m\",\"width_medium\":\"1-1\"},\"children\":[{\"type\":\"image\",\"props\":{\"image\":\"wp-content\\\/uploads\\\/2024\\\/03\\\/kokouspoukama-laituri.jpg\",\"image_alt\":\"kokouspoukama laituri\",\"image_focal_point\":\"top-center\",\"image_height\":\"800\",\"image_svg_color\":\"emphasis\",\"image_width\":\"2560\",\"margin\":\"default\"}}]}]},{\"type\":\"row\",\"props\":{\"margin\":\"remove-vertical\",\"margin_remove_bottom\":false,\"margin_remove_top\":false,\"width\":\"large\"},\"children\":[{\"type\":\"column\",\"props\":{\"image_effect\":\"parallax\",\"image_height\":\"310\",\"image_parallax_bgy\":\"-110,-250\",\"image_parallax_easing\":\"1\",\"image_position\":\"top-left\",\"image_width\":\"260\",\"position_sticky_breakpoint\":\"m\",\"style\":\"tile-default\",\"width_small\":\"1-1\"},\"children\":[{\"type\":\"headline\",\"props\":{\"content\":\"Sustainable development activities in Kokouspoukama.\",\"margin\":\"default\",\"margin_remove_bottom\":false,\"title_element\":\"div\",\"title_style\":\"h3\"}},{\"type\":\"headline\",\"props\":{\"content\":\"Sustainable tourism in Poukama\",\"margin\":\"medium\",\"margin_remove_bottom\":true,\"margin_remove_top\":false,\"title_element\":\"h1\"}},{\"type\":\"text\",\"props\":{\"column_breakpoint\":\"l\",\"column_divider\":false,\"content\":\"\n\n<p>We operate in the unique environment of the Porvoo archipelago, where nature and the Gulf of Finland are not only the basis of our livelihood, but also matters of our hearts. We want to take responsibility for this precious environment and ensure that our operations continue to support sustainable development and the well-being of nature in the future.<\\\/p>\\n\n\n<p>Nature and the Baltic Sea first<br \\\/><br \\\/>Responsible use and protection of water<br \\\/>We ensure that all our wastewater treatment systems are modern and in line with the requirements for the protection of the Baltic Sea. We also favour biodegradable cleaning agents and avoid chemicals that can harm sensitive island habitats.<\\\/p>\\n\n\n<p><br \\\/>Respect for ecosystems<\\\/p>\\n\n\n<p><br \\\/>We maintain the natural environment of our farms and support local projects that promote biodiversity in the archipelago.<br \\\/>Responsible procurement and energy use<br \\\/>From the very beginning, we have created an environment where sustainable development values are present in our daily work. However, we are aware that the sustainability journey is one of continuous learning and improvement.<\\\/p>\\n\n\n<p>Improving energy efficiency<\\\/p>\\n\n\n<p>Our goal is to complete the development projects on heat recovery and energy optimisation. This will reduce energy consumption and support the transition towards carbon neutrality.<\\\/p>\\n\n\n<p>Responsible transport solutions<br \\\/><br \\\/>We aim to phase out internal combustion engine vehicles from our operations, but recognise that the availability of suitable replacement technologies is still a challenge. We will continue to actively explore and pilot sustainable alternatives.<\\\/p>\\n\n\n<p>Local and ecological choices<br \\\/>We use mainly local and organic products, especially island delicacies, to support local entrepreneurs and reduce emissions from transport.<\\\/p>\\n\n\n<p>Energy efficiency and renewable energy<br \\\/>We use energy-efficient solutions on our premises and a large part of our energy comes from renewable sources, such as geothermal heat.<br \\\/>Promoting environmental awareness<br \\\/>Education and communication<\\\/p>\\n\n\n<p>We provide our customers with information about the uniqueness of the Porvoo archipelago and tips for responsible tourism. In addition, our staff are trained in environmentally friendly practices.<\\\/p>\\n\n\n<p>Cooperation and commitment<br \\\/><br \\\/>We work closely with local communities and stakeholders to strengthen the vitality of the Porvoo archipelago and the sustainability of tourism.<\\\/p>\\n\n\n<p>The \\\"Habitability\\\" project<br \\\/><br \\\/>We are involved in the 'Habitability of Em\\u00e4salo, Vess\\u00f6 and Pelling' project, which supports the sustainable development of the archipelago's communities and lays the foundations for long-term cooperation.<\\\/p>\\n\n\n<p>Local initiatives and networks<br \\\/><br \\\/>Collaborative projects between the Summer Market and the Village Hall highlight local expertise and promote economic sustainability. We are building a network of entrepreneurs in the area, which will increase the competitiveness and stability of the whole region.<\\\/p>\\n\n\n<p>We continue to actively cooperate with other local actors and environmental organisations to protect the Baltic Sea and the archipelago's nature.<br \\\/>The aim of the Kokouspoukama is to be an example of how events can be organised in harmony with nature.<br \\\/>We believe that every sustainable act, large or small, is a step towards a more vibrant future, both here in the Porvoo archipelago and on the planet.<\\\/p>\\n\n\n<p>Towards a carbon neutral approach<br \\\/><br \\\/>We aim to create annual action plans that build on the achievements of the previous year. This step-by-step development work is aimed at a carbon-neutral operating model that can serve as an example for other Finnish companies.<\\\/p>\\n\n\n<p>The commitment of our management, staff and subcontractors to these targets is crucial. We want to leave a legacy of a sustainable and responsible operating environment that combines successful business, support for local communities and environmental well-being.<\\\/p>\\n\n\n<p>We have started to monitor the environmental impacts and damage of our operations. This information will help us to make more detailed plans to ensure a successful business while ensuring the best experience for our guests and minimising our impact on the local environment. In this way, we adapt our operations to the impacts of climate change and do not overburden nature with excessive numbers of tourists. In this way, we ensure that we leave our environment more sustainable for future generations.<\\\/p>\\n\n\n<p>Economic sustainability is the cornerstone of all this. Together with local residents and entrepreneurs in the surrounding area, we are working to create a network that, together with our partners, will make us a reliable and financially stable operator. This will include a plan to support the local environment<\\\/p>\\n\n\n<p>It is the responsibility of the company's management, its staff and all subcontractors to ensure that these measures are implemented.<\\\/p>\",\"margin\":\"default\",\"text_align_fallback\":\"left\"}},{\"type\":\"gallery\",\"props\":{\"filter_align\":\"left\",\"filter_all\":true,\"filter_grid_breakpoint\":\"m\",\"filter_grid_width\":\"auto\",\"filter_position\":\"top\",\"filter_style\":\"tab\",\"grid_default\":\"1\",\"grid_medium\":\"3\",\"item_animation\":true,\"link_style\":\"default\",\"link_text\":\"Read more\",\"margin\":\"default\",\"meta_align\":\"below-title\",\"meta_element\":\"div\",\"meta_style\":\"text-meta\",\"overlay_hover\":true,\"overlay_mode\":\"cover\",\"overlay_position\":\"center\",\"overlay_style\":\"\",\"overlay_transition\":\"fade\",\"show_content\":true,\"show_hover_image\":true,\"show_hover_video\":true,\"show_link\":true,\"show_meta\":true,\"show_title\":true,\"text_align\":\"center\",\"text_color\":\"light\",\"title_element\":\"h3\",\"title_hover_style\":\"reset\"},\"children\":[{\"type\":\"gallery_item\",\"props\":{\"image\":\"wp-content\\\/uploads\\\/2023\\\/03\\\/Poukama-Oy-certificate.jpg\",\"image_alt\":\"Poukama Good travel seal sertifikaatti\",\"text_color_hover\":false}},{\"type\":\"gallery_item\",\"props\":{\"image\":\"wp-content\\\/uploads\\\/2024\\\/11\\\/Kierratys-1-scaled.jpg\",\"title\":\"Kierr\\u00e4tys (1)\"}},{\"type\":\"gallery_item\",\"props\":{\"image\":\"wp-content\\\/uploads\\\/2023\\\/05\\\/Sustainable_Finland_Label_RGB_tm-1.png\",\"title\":\"Sustainable_Finland_Label_RGB_tm (1)\"}}]},{\"type\":\"button\",\"props\":{\"grid_column_gap\":\"small\",\"grid_row_gap\":\"small\",\"margin\":\"default\"},\"children\":[{\"type\":\"button_item\",\"props\":{\"button_style\":\"text\",\"content\":\"Ota yhteytt\\u00e4 >\",\"icon_align\":\"left\",\"link\":\"meista\\\/yhteystiedot\\\/\"}}]}]}]}]}],\"version\":\"4.4.15\"} --><\/p>\n","protected":false},"excerpt":{"rendered":"<p>Sustainable development activities in Kokouspoukama. Sustainable tourism in Poukama We operate in the unique environment of the Porvoo archipelago, where nature and the Gulf of Finland are not only the basis of our livelihood, but also matters of our hearts. We want to take responsibility for this precious environment and ensure that our operations continue [&hellip;]<\/p>\n","protected":false},"author":6,"featured_media":35115,"parent":0,"menu_order":0,"comment_status":"closed","ping_status":"closed","template":"","meta":{"footnotes":""},"class_list":["post-35122","page","type-page","status-publish","has-post-thumbnail","hentry"],"yoast_head":"<!-- This site is optimized with the Yoast SEO Premium plugin v27.1 (Yoast SEO v27.1.1) - https:\/\/yoast.com\/product\/yoast-seo-premium-wordpress\/ -->\n<title>Sustainability - Kokouspoukama<\/title>\n<meta name=\"description\" content=\"Kokouspoukama has sustainability program to help us to reserve unique archipelago nature to the future generations.\" \/>\n<meta name=\"robots\" content=\"index, follow, max-snippet:-1, max-image-preview:large, max-video-preview:-1\" \/>\n<link rel=\"canonical\" href=\"https:\/\/kokouspoukama.fi\/kestava-matkailu\/\" \/>\n<meta property=\"og:locale\" content=\"en_US\" \/>\n<meta property=\"og:type\" content=\"article\" \/>\n<meta property=\"og:title\" content=\"Sustainability\" \/>\n<meta property=\"og:description\" content=\"Kokouspoukama has sustainability program to help us to reserve unique archipelago nature to the future generations.\" \/>\n<meta property=\"og:url\" content=\"https:\/\/kokouspoukama.fi\/kestava-matkailu\/\" \/>\n<meta property=\"og:site_name\" content=\"Kokouspoukama\" \/>\n<meta property=\"article:publisher\" content=\"https:\/\/www.facebook.com\/porvoonpoukama\" \/>\n<meta property=\"article:modified_time\" content=\"2024-11-28T13:22:15+00:00\" \/>\n<meta property=\"og:image\" content=\"https:\/\/kokouspoukama.fi\/wp-content\/uploads\/2023\/03\/Poukama-Oy-certificate.jpg\" \/>\n\t<meta property=\"og:image:width\" content=\"2339\" \/>\n\t<meta property=\"og:image:height\" content=\"1655\" \/>\n\t<meta property=\"og:image:type\" content=\"image\/jpeg\" \/>\n<meta name=\"twitter:card\" content=\"summary_large_image\" \/>\n<meta name=\"twitter:label1\" content=\"Est. reading time\" \/>\n\t<meta name=\"twitter:data1\" content=\"6 minutes\" \/>\n<script type=\"application\/ld+json\" class=\"yoast-schema-graph\">{\"@context\":\"https:\/\/schema.org\",\"@graph\":[{\"@type\":\"WebPage\",\"@id\":\"https:\/\/kokouspoukama.fi\/kestava-matkailu\/\",\"url\":\"https:\/\/kokouspoukama.fi\/kestava-matkailu\/\",\"name\":\"Sustainability - Kokouspoukama\",\"isPartOf\":{\"@id\":\"https:\/\/kokouspoukama.fi\/#website\"},\"primaryImageOfPage\":{\"@id\":\"https:\/\/kokouspoukama.fi\/kestava-matkailu\/#primaryimage\"},\"image\":{\"@id\":\"https:\/\/kokouspoukama.fi\/kestava-matkailu\/#primaryimage\"},\"thumbnailUrl\":\"https:\/\/kokouspoukama.fi\/wp-content\/uploads\/2023\/03\/Poukama-Oy-certificate.jpg\",\"datePublished\":\"2023-03-02T09:13:22+00:00\",\"dateModified\":\"2024-11-28T13:22:15+00:00\",\"description\":\"Kokouspoukama has sustainability program to help us to reserve unique archipelago nature to the future generations.\",\"breadcrumb\":{\"@id\":\"https:\/\/kokouspoukama.fi\/kestava-matkailu\/#breadcrumb\"},\"inLanguage\":\"en-US\",\"potentialAction\":[{\"@type\":\"ReadAction\",\"target\":[\"https:\/\/kokouspoukama.fi\/kestava-matkailu\/\"]}]},{\"@type\":\"ImageObject\",\"inLanguage\":\"en-US\",\"@id\":\"https:\/\/kokouspoukama.fi\/kestava-matkailu\/#primaryimage\",\"url\":\"https:\/\/kokouspoukama.fi\/wp-content\/uploads\/2023\/03\/Poukama-Oy-certificate.jpg\",\"contentUrl\":\"https:\/\/kokouspoukama.fi\/wp-content\/uploads\/2023\/03\/Poukama-Oy-certificate.jpg\",\"width\":2339,\"height\":1655},{\"@type\":\"BreadcrumbList\",\"@id\":\"https:\/\/kokouspoukama.fi\/kestava-matkailu\/#breadcrumb\",\"itemListElement\":[{\"@type\":\"ListItem\",\"position\":1,\"name\":\"Home\",\"item\":\"https:\/\/kokouspoukama.fi\/en\/\"},{\"@type\":\"ListItem\",\"position\":2,\"name\":\"Sustainability\"}]},{\"@type\":\"WebSite\",\"@id\":\"https:\/\/kokouspoukama.fi\/#website\",\"url\":\"https:\/\/kokouspoukama.fi\/\",\"name\":\"Kokouspoukama\",\"description\":\"Kokoustilat, virkistysp\u00e4iv\u00e4t ja kokoushotelli Helsingin l\u00e4hell\u00e4\",\"publisher\":{\"@id\":\"https:\/\/kokouspoukama.fi\/#organization\"},\"potentialAction\":[{\"@type\":\"SearchAction\",\"target\":{\"@type\":\"EntryPoint\",\"urlTemplate\":\"https:\/\/kokouspoukama.fi\/?s={search_term_string}\"},\"query-input\":{\"@type\":\"PropertyValueSpecification\",\"valueRequired\":true,\"valueName\":\"search_term_string\"}}],\"inLanguage\":\"en-US\"},{\"@type\":\"Organization\",\"@id\":\"https:\/\/kokouspoukama.fi\/#organization\",\"name\":\"Kokouspoukama\",\"url\":\"https:\/\/kokouspoukama.fi\/\",\"logo\":{\"@type\":\"ImageObject\",\"inLanguage\":\"en-US\",\"@id\":\"https:\/\/kokouspoukama.fi\/#\/schema\/logo\/image\/\",\"url\":\"https:\/\/kokouspoukama.fi\/wp-content\/uploads\/2018\/06\/Poukama_logo_secondary_black-e1530794758505.png\",\"contentUrl\":\"https:\/\/kokouspoukama.fi\/wp-content\/uploads\/2018\/06\/Poukama_logo_secondary_black-e1530794758505.png\",\"width\":200,\"height\":200,\"caption\":\"Kokouspoukama\"},\"image\":{\"@id\":\"https:\/\/kokouspoukama.fi\/#\/schema\/logo\/image\/\"},\"sameAs\":[\"https:\/\/www.facebook.com\/porvoonpoukama\",\"https:\/\/www.instagram.com\/porvoonpoukama\",\"https:\/\/www.youtube.com\/channel\/UCdScx5ybEv4XWNYx_n9rUog\"]}]}<\/script>\n<!-- \/ Yoast SEO Premium plugin. -->","yoast_head_json":{"title":"Sustainability - Kokouspoukama","description":"Kokouspoukama has sustainability program to help us to reserve unique archipelago nature to the future generations.","robots":{"index":"index","follow":"follow","max-snippet":"max-snippet:-1","max-image-preview":"max-image-preview:large","max-video-preview":"max-video-preview:-1"},"canonical":"https:\/\/kokouspoukama.fi\/kestava-matkailu\/","og_locale":"en_US","og_type":"article","og_title":"Sustainability","og_description":"Kokouspoukama has sustainability program to help us to reserve unique archipelago nature to the future generations.","og_url":"https:\/\/kokouspoukama.fi\/kestava-matkailu\/","og_site_name":"Kokouspoukama","article_publisher":"https:\/\/www.facebook.com\/porvoonpoukama","article_modified_time":"2024-11-28T13:22:15+00:00","og_image":[{"width":2339,"height":1655,"url":"https:\/\/kokouspoukama.fi\/wp-content\/uploads\/2023\/03\/Poukama-Oy-certificate.jpg","type":"image\/jpeg"}],"twitter_card":"summary_large_image","twitter_misc":{"Est. reading time":"6 minutes"},"schema":{"@context":"https:\/\/schema.org","@graph":[{"@type":"WebPage","@id":"https:\/\/kokouspoukama.fi\/kestava-matkailu\/","url":"https:\/\/kokouspoukama.fi\/kestava-matkailu\/","name":"Sustainability - Kokouspoukama","isPartOf":{"@id":"https:\/\/kokouspoukama.fi\/#website"},"primaryImageOfPage":{"@id":"https:\/\/kokouspoukama.fi\/kestava-matkailu\/#primaryimage"},"image":{"@id":"https:\/\/kokouspoukama.fi\/kestava-matkailu\/#primaryimage"},"thumbnailUrl":"https:\/\/kokouspoukama.fi\/wp-content\/uploads\/2023\/03\/Poukama-Oy-certificate.jpg","datePublished":"2023-03-02T09:13:22+00:00","dateModified":"2024-11-28T13:22:15+00:00","description":"Kokouspoukama has sustainability program to help us to reserve unique archipelago nature to the future generations.","breadcrumb":{"@id":"https:\/\/kokouspoukama.fi\/kestava-matkailu\/#breadcrumb"},"inLanguage":"en-US","potentialAction":[{"@type":"ReadAction","target":["https:\/\/kokouspoukama.fi\/kestava-matkailu\/"]}]},{"@type":"ImageObject","inLanguage":"en-US","@id":"https:\/\/kokouspoukama.fi\/kestava-matkailu\/#primaryimage","url":"https:\/\/kokouspoukama.fi\/wp-content\/uploads\/2023\/03\/Poukama-Oy-certificate.jpg","contentUrl":"https:\/\/kokouspoukama.fi\/wp-content\/uploads\/2023\/03\/Poukama-Oy-certificate.jpg","width":2339,"height":1655},{"@type":"BreadcrumbList","@id":"https:\/\/kokouspoukama.fi\/kestava-matkailu\/#breadcrumb","itemListElement":[{"@type":"ListItem","position":1,"name":"Home","item":"https:\/\/kokouspoukama.fi\/en\/"},{"@type":"ListItem","position":2,"name":"Sustainability"}]},{"@type":"WebSite","@id":"https:\/\/kokouspoukama.fi\/#website","url":"https:\/\/kokouspoukama.fi\/","name":"Kokouspoukama","description":"Kokoustilat, virkistysp\u00e4iv\u00e4t ja kokoushotelli Helsingin l\u00e4hell\u00e4","publisher":{"@id":"https:\/\/kokouspoukama.fi\/#organization"},"potentialAction":[{"@type":"SearchAction","target":{"@type":"EntryPoint","urlTemplate":"https:\/\/kokouspoukama.fi\/?s={search_term_string}"},"query-input":{"@type":"PropertyValueSpecification","valueRequired":true,"valueName":"search_term_string"}}],"inLanguage":"en-US"},{"@type":"Organization","@id":"https:\/\/kokouspoukama.fi\/#organization","name":"Kokouspoukama","url":"https:\/\/kokouspoukama.fi\/","logo":{"@type":"ImageObject","inLanguage":"en-US","@id":"https:\/\/kokouspoukama.fi\/#\/schema\/logo\/image\/","url":"https:\/\/kokouspoukama.fi\/wp-content\/uploads\/2018\/06\/Poukama_logo_secondary_black-e1530794758505.png","contentUrl":"https:\/\/kokouspoukama.fi\/wp-content\/uploads\/2018\/06\/Poukama_logo_secondary_black-e1530794758505.png","width":200,"height":200,"caption":"Kokouspoukama"},"image":{"@id":"https:\/\/kokouspoukama.fi\/#\/schema\/logo\/image\/"},"sameAs":["https:\/\/www.facebook.com\/porvoonpoukama","https:\/\/www.instagram.com\/porvoonpoukama","https:\/\/www.youtube.com\/channel\/UCdScx5ybEv4XWNYx_n9rUog"]}]}},"_links":{"self":[{"href":"https:\/\/kokouspoukama.fi\/en\/wp-json\/wp\/v2\/pages\/35122","targetHints":{"allow":["GET"]}}],"collection":[{"href":"https:\/\/kokouspoukama.fi\/en\/wp-json\/wp\/v2\/pages"}],"about":[{"href":"https:\/\/kokouspoukama.fi\/en\/wp-json\/wp\/v2\/types\/page"}],"author":[{"embeddable":true,"href":"https:\/\/kokouspoukama.fi\/en\/wp-json\/wp\/v2\/users\/6"}],"replies":[{"embeddable":true,"href":"https:\/\/kokouspoukama.fi\/en\/wp-json\/wp\/v2\/comments?post=35122"}],"version-history":[{"count":0,"href":"https:\/\/kokouspoukama.fi\/en\/wp-json\/wp\/v2\/pages\/35122\/revisions"}],"wp:featuredmedia":[{"embeddable":true,"href":"https:\/\/kokouspoukama.fi\/en\/wp-json\/wp\/v2\/media\/35115"}],"wp:attachment":[{"href":"https:\/\/kokouspoukama.fi\/en\/wp-json\/wp\/v2\/media?parent=35122"}],"curies":[{"name":"wp","href":"https:\/\/api.w.org\/{rel}","templated":true}]}}