{"id":3321,"date":"2018-10-01T11:15:01","date_gmt":"2018-10-01T11:15:01","guid":{"rendered":"https:\/\/kokouspoukama.fi\/kiitos-yhteydenotostasi\/"},"modified":"2018-10-12T06:00:11","modified_gmt":"2018-10-12T06:00:11","slug":"thank-you","status":"publish","type":"page","link":"https:\/\/kokouspoukama.fi\/en\/thank-you\/","title":{"rendered":"Thank you for contacting us!"},"content":{"rendered":"<p>Thank you for contacting us!<br \/>\nWe will contact you as soon as possible.<\/p>\n<p><!-- {\"name\":\"\",\"type\":\"layout\",\"children\":[{\"name\":\"\",\"type\":\"section\",\"props\":{\"style\":\"default\",\"width\":\"default\",\"vertical_align\":\"middle\",\"title_position\":\"top-left\",\"title_rotation\":\"left\",\"title_breakpoint\":\"xl\",\"image_position\":\"top-center\",\"image\":\"\",\"image_size\":\"cover\",\"text_color\":\"light\",\"padding\":\"large\",\"height\":\"\",\"header_transparent\":\"\",\"animation\":\"\"},\"children\":[{\"name\":\"\",\"type\":\"row\",\"props\":{\"fixed_width\":\"large\",\"breakpoint\":\"m\",\"layout\":\"1-1\"},\"children\":[{\"name\":\"\",\"type\":\"column\",\"props\":{\"widths\":[\"1-1\"],\"image_position\":\"center-center\"},\"children\":[{\"name\":\"\",\"type\":\"text\",\"props\":{\"margin\":\"default\",\"column_breakpoint\":\"m\",\"content\":\"\n\n<h1>Thank you for contacting us!<\\\/h1>\\n\n\n<p>We will contact you as soon as possible.<\\\/p>\",\"text_align\":\"center\",\"text_style\":\"\",\"text_color\":\"\",\"text_size\":\"\",\"column\":\"\",\"text_align_breakpoint\":\"\",\"text_align_fallback\":\"\",\"maxwidth\":\"\",\"maxwidth_align\":\"\",\"maxwidth_breakpoint\":\"\",\"animation\":\"\",\"visibility\":\"\"}}]}]}]}]} --><\/p>\n","protected":false},"excerpt":{"rendered":"<p>Thank you for contacting us! We will contact you as soon as possible.<\/p>\n","protected":false},"author":2,"featured_media":0,"parent":0,"menu_order":0,"comment_status":"closed","ping_status":"closed","template":"","meta":{"footnotes":""},"class_list":["post-3321","page","type-page","status-publish","hentry"],"yoast_head":"<!-- This site is optimized with the Yoast SEO Premium plugin v27.1 (Yoast SEO v27.1.1) - https:\/\/yoast.com\/product\/yoast-seo-premium-wordpress\/ -->\n<title>Thank you for contacting us! - Kokouspoukama<\/title>\n<meta name=\"robots\" content=\"index, follow, max-snippet:-1, max-image-preview:large, max-video-preview:-1\" \/>\n<link rel=\"canonical\" href=\"https:\/\/kokouspoukama.fi\/kiitos-yhteydenotostasi\/\" \/>\n<meta property=\"og:locale\" content=\"en_US\" \/>\n<meta property=\"og:type\" content=\"article\" \/>\n<meta property=\"og:title\" content=\"Thank you for contacting us!\" \/>\n<meta property=\"og:description\" content=\"Thank you for contacting us! We will contact you as soon as possible.\" \/>\n<meta property=\"og:url\" content=\"https:\/\/kokouspoukama.fi\/kiitos-yhteydenotostasi\/\" \/>\n<meta property=\"og:site_name\" content=\"Kokouspoukama\" \/>\n<meta property=\"article:publisher\" content=\"https:\/\/www.facebook.com\/porvoonpoukama\" \/>\n<meta property=\"article:modified_time\" content=\"2018-10-12T06:00:11+00:00\" \/>\n<meta property=\"og:image\" content=\"https:\/\/kokouspoukama.fi\/wp-content\/uploads\/2024\/01\/Poukama_logo_main_black-300x135-2.png\" \/>\n\t<meta property=\"og:image:width\" content=\"300\" \/>\n\t<meta property=\"og:image:height\" content=\"135\" \/>\n\t<meta property=\"og:image:type\" content=\"image\/png\" \/>\n<meta name=\"twitter:card\" content=\"summary_large_image\" \/>\n<script type=\"application\/ld+json\" class=\"yoast-schema-graph\">{\"@context\":\"https:\/\/schema.org\",\"@graph\":[{\"@type\":\"WebPage\",\"@id\":\"https:\/\/kokouspoukama.fi\/kiitos-yhteydenotostasi\/\",\"url\":\"https:\/\/kokouspoukama.fi\/kiitos-yhteydenotostasi\/\",\"name\":\"Thank you for contacting us! - Kokouspoukama\",\"isPartOf\":{\"@id\":\"https:\/\/kokouspoukama.fi\/#website\"},\"datePublished\":\"2018-10-01T11:15:01+00:00\",\"dateModified\":\"2018-10-12T06:00:11+00:00\",\"breadcrumb\":{\"@id\":\"https:\/\/kokouspoukama.fi\/kiitos-yhteydenotostasi\/#breadcrumb\"},\"inLanguage\":\"en-US\",\"potentialAction\":[{\"@type\":\"ReadAction\",\"target\":[\"https:\/\/kokouspoukama.fi\/kiitos-yhteydenotostasi\/\"]}]},{\"@type\":\"BreadcrumbList\",\"@id\":\"https:\/\/kokouspoukama.fi\/kiitos-yhteydenotostasi\/#breadcrumb\",\"itemListElement\":[{\"@type\":\"ListItem\",\"position\":1,\"name\":\"Home\",\"item\":\"https:\/\/kokouspoukama.fi\/en\/\"},{\"@type\":\"ListItem\",\"position\":2,\"name\":\"Thank you for contacting us!\"}]},{\"@type\":\"WebSite\",\"@id\":\"https:\/\/kokouspoukama.fi\/#website\",\"url\":\"https:\/\/kokouspoukama.fi\/\",\"name\":\"Kokouspoukama\",\"description\":\"Kokoustilat, virkistysp\u00e4iv\u00e4t ja kokoushotelli Helsingin l\u00e4hell\u00e4\",\"publisher\":{\"@id\":\"https:\/\/kokouspoukama.fi\/#organization\"},\"potentialAction\":[{\"@type\":\"SearchAction\",\"target\":{\"@type\":\"EntryPoint\",\"urlTemplate\":\"https:\/\/kokouspoukama.fi\/?s={search_term_string}\"},\"query-input\":{\"@type\":\"PropertyValueSpecification\",\"valueRequired\":true,\"valueName\":\"search_term_string\"}}],\"inLanguage\":\"en-US\"},{\"@type\":\"Organization\",\"@id\":\"https:\/\/kokouspoukama.fi\/#organization\",\"name\":\"Kokouspoukama\",\"url\":\"https:\/\/kokouspoukama.fi\/\",\"logo\":{\"@type\":\"ImageObject\",\"inLanguage\":\"en-US\",\"@id\":\"https:\/\/kokouspoukama.fi\/#\/schema\/logo\/image\/\",\"url\":\"https:\/\/kokouspoukama.fi\/wp-content\/uploads\/2018\/06\/Poukama_logo_secondary_black-e1530794758505.png\",\"contentUrl\":\"https:\/\/kokouspoukama.fi\/wp-content\/uploads\/2018\/06\/Poukama_logo_secondary_black-e1530794758505.png\",\"width\":200,\"height\":200,\"caption\":\"Kokouspoukama\"},\"image\":{\"@id\":\"https:\/\/kokouspoukama.fi\/#\/schema\/logo\/image\/\"},\"sameAs\":[\"https:\/\/www.facebook.com\/porvoonpoukama\",\"https:\/\/www.instagram.com\/porvoonpoukama\",\"https:\/\/www.youtube.com\/channel\/UCdScx5ybEv4XWNYx_n9rUog\"]}]}<\/script>\n<!-- \/ Yoast SEO Premium plugin. -->","yoast_head_json":{"title":"Thank you for contacting us! - Kokouspoukama","robots":{"index":"index","follow":"follow","max-snippet":"max-snippet:-1","max-image-preview":"max-image-preview:large","max-video-preview":"max-video-preview:-1"},"canonical":"https:\/\/kokouspoukama.fi\/kiitos-yhteydenotostasi\/","og_locale":"en_US","og_type":"article","og_title":"Thank you for contacting us!","og_description":"Thank you for contacting us! We will contact you as soon as possible.","og_url":"https:\/\/kokouspoukama.fi\/kiitos-yhteydenotostasi\/","og_site_name":"Kokouspoukama","article_publisher":"https:\/\/www.facebook.com\/porvoonpoukama","article_modified_time":"2018-10-12T06:00:11+00:00","og_image":[{"width":300,"height":135,"url":"https:\/\/kokouspoukama.fi\/wp-content\/uploads\/2024\/01\/Poukama_logo_main_black-300x135-2.png","type":"image\/png"}],"twitter_card":"summary_large_image","schema":{"@context":"https:\/\/schema.org","@graph":[{"@type":"WebPage","@id":"https:\/\/kokouspoukama.fi\/kiitos-yhteydenotostasi\/","url":"https:\/\/kokouspoukama.fi\/kiitos-yhteydenotostasi\/","name":"Thank you for contacting us! - Kokouspoukama","isPartOf":{"@id":"https:\/\/kokouspoukama.fi\/#website"},"datePublished":"2018-10-01T11:15:01+00:00","dateModified":"2018-10-12T06:00:11+00:00","breadcrumb":{"@id":"https:\/\/kokouspoukama.fi\/kiitos-yhteydenotostasi\/#breadcrumb"},"inLanguage":"en-US","potentialAction":[{"@type":"ReadAction","target":["https:\/\/kokouspoukama.fi\/kiitos-yhteydenotostasi\/"]}]},{"@type":"BreadcrumbList","@id":"https:\/\/kokouspoukama.fi\/kiitos-yhteydenotostasi\/#breadcrumb","itemListElement":[{"@type":"ListItem","position":1,"name":"Home","item":"https:\/\/kokouspoukama.fi\/en\/"},{"@type":"ListItem","position":2,"name":"Thank you for contacting us!"}]},{"@type":"WebSite","@id":"https:\/\/kokouspoukama.fi\/#website","url":"https:\/\/kokouspoukama.fi\/","name":"Kokouspoukama","description":"Kokoustilat, virkistysp\u00e4iv\u00e4t ja kokoushotelli Helsingin l\u00e4hell\u00e4","publisher":{"@id":"https:\/\/kokouspoukama.fi\/#organization"},"potentialAction":[{"@type":"SearchAction","target":{"@type":"EntryPoint","urlTemplate":"https:\/\/kokouspoukama.fi\/?s={search_term_string}"},"query-input":{"@type":"PropertyValueSpecification","valueRequired":true,"valueName":"search_term_string"}}],"inLanguage":"en-US"},{"@type":"Organization","@id":"https:\/\/kokouspoukama.fi\/#organization","name":"Kokouspoukama","url":"https:\/\/kokouspoukama.fi\/","logo":{"@type":"ImageObject","inLanguage":"en-US","@id":"https:\/\/kokouspoukama.fi\/#\/schema\/logo\/image\/","url":"https:\/\/kokouspoukama.fi\/wp-content\/uploads\/2018\/06\/Poukama_logo_secondary_black-e1530794758505.png","contentUrl":"https:\/\/kokouspoukama.fi\/wp-content\/uploads\/2018\/06\/Poukama_logo_secondary_black-e1530794758505.png","width":200,"height":200,"caption":"Kokouspoukama"},"image":{"@id":"https:\/\/kokouspoukama.fi\/#\/schema\/logo\/image\/"},"sameAs":["https:\/\/www.facebook.com\/porvoonpoukama","https:\/\/www.instagram.com\/porvoonpoukama","https:\/\/www.youtube.com\/channel\/UCdScx5ybEv4XWNYx_n9rUog"]}]}},"_links":{"self":[{"href":"https:\/\/kokouspoukama.fi\/en\/wp-json\/wp\/v2\/pages\/3321","targetHints":{"allow":["GET"]}}],"collection":[{"href":"https:\/\/kokouspoukama.fi\/en\/wp-json\/wp\/v2\/pages"}],"about":[{"href":"https:\/\/kokouspoukama.fi\/en\/wp-json\/wp\/v2\/types\/page"}],"author":[{"embeddable":true,"href":"https:\/\/kokouspoukama.fi\/en\/wp-json\/wp\/v2\/users\/2"}],"replies":[{"embeddable":true,"href":"https:\/\/kokouspoukama.fi\/en\/wp-json\/wp\/v2\/comments?post=3321"}],"version-history":[{"count":0,"href":"https:\/\/kokouspoukama.fi\/en\/wp-json\/wp\/v2\/pages\/3321\/revisions"}],"wp:attachment":[{"href":"https:\/\/kokouspoukama.fi\/en\/wp-json\/wp\/v2\/media?parent=3321"}],"curies":[{"name":"wp","href":"https:\/\/api.w.org\/{rel}","templated":true}]}}