{"id":3307,"date":"2018-04-04T07:09:04","date_gmt":"2018-04-04T07:09:04","guid":{"rendered":"https:\/\/kokouspoukama.fi\/yhteystiedot\/"},"modified":"2022-05-24T13:30:08","modified_gmt":"2022-05-24T13:30:08","slug":"contact-us","status":"publish","type":"page","link":"https:\/\/kokouspoukama.fi\/en\/contact-us\/","title":{"rendered":"Contact us"},"content":{"rendered":"<div>\n<h2>CONTACT\u00a0INFORMATION<\/h2>\n<div>Kokouspoukama Oy<\/div>\n<div>Em\u00e4salontie 152<\/div>\n<div>06950 Porvoo<br \/>FINLAND<\/div>\n<div>\u00a0<\/div>\n<div>info@kokouspoukama.fi<\/div>\n<h3>Sales team<\/h3>\n<p><span style=\"font-weight: 400;\">Our sales service is open Monday\u2013Friday from 8.30 a.m. to 4.30 p.m.<\/span><\/p>\n<p><strong>Sami Talsi<\/strong><br \/><a href=\"tel:+358440490122\">+358 44 049 0122<\/a><br \/>sami@kokouspoukama.fi<\/p>\n<p><strong>John R\u00f6nnholm<\/strong><br \/><a href=\"tel:+358445505170\">+358 44 550 5170<\/a><br \/>jontte@kokouspoukama.fi<\/p>\n<\/p>\n<\/div>\n<p><img decoding=\"async\" src=\"\/wp-content\/uploads\/2018\/08\/kokoupoukama-etaisyydet.png\" alt=\"\"><\/p>\n<h1>\n<p>Request for quotation<\/p>\n<\/h1>\n<div>\n<p><span><div class=\"wpforms-container wpforms-container-full\" id=\"wpforms-34496\"><form id=\"wpforms-form-34496\" class=\"wpforms-validate wpforms-form wpforms-ajax-form\" data-formid=\"34496\" method=\"post\" enctype=\"multipart\/form-data\" action=\"\/en\/wp-json\/wp\/v2\/pages\/3307\" data-token=\"f1a59a4f8b8f9b22289e9c21b7f296bb\" data-token-time=\"1775896033\"><noscript class=\"wpforms-error-noscript\">Please enable JavaScript in your browser to complete this form.<\/noscript><div class=\"wpforms-field-container\"><div id=\"wpforms-34496-field_1-container\" class=\"wpforms-field wpforms-field-text\" data-field-id=\"1\"><label class=\"wpforms-field-label\" for=\"wpforms-34496-field_1\">Name <span class=\"wpforms-required-label\">*<\/span><\/label><input type=\"text\" id=\"wpforms-34496-field_1\" class=\"wpforms-field-large wpforms-field-required\" name=\"wpforms[fields][1]\" required><\/div><div id=\"wpforms-34496-field_2-container\" class=\"wpforms-field wpforms-field-text\" data-field-id=\"2\"><label class=\"wpforms-field-label\" for=\"wpforms-34496-field_2\">Company <span class=\"wpforms-required-label\">*<\/span><\/label><input type=\"text\" id=\"wpforms-34496-field_2\" class=\"wpforms-field-large wpforms-field-required\" name=\"wpforms[fields][2]\" required><\/div><div id=\"wpforms-34496-field_3-container\" class=\"wpforms-field wpforms-field-text\" data-field-id=\"3\"><label class=\"wpforms-field-label\" for=\"wpforms-34496-field_3\">Telephone <span class=\"wpforms-required-label\">*<\/span><\/label><input type=\"text\" id=\"wpforms-34496-field_3\" class=\"wpforms-field-large wpforms-field-required\" name=\"wpforms[fields][3]\" required><\/div><div id=\"wpforms-34496-field_8-container\" class=\"wpforms-field wpforms-field-email\" data-field-id=\"8\"><label class=\"wpforms-field-label\" for=\"wpforms-34496-field_8\">Email <span class=\"wpforms-required-label\">*<\/span><\/label><input type=\"email\" id=\"wpforms-34496-field_8\" class=\"wpforms-field-large wpforms-field-required\" name=\"wpforms[fields][8]\" spellcheck=\"false\" required><\/div><div id=\"wpforms-34496-field_5-container\" class=\"wpforms-field wpforms-field-text\" data-field-id=\"5\"><label class=\"wpforms-field-label\" for=\"wpforms-34496-field_5\">Event date and time <span class=\"wpforms-required-label\">*<\/span><\/label><input type=\"text\" id=\"wpforms-34496-field_5\" class=\"wpforms-field-large wpforms-field-required\" name=\"wpforms[fields][5]\" required><\/div><div id=\"wpforms-34496-field_6-container\" class=\"wpforms-field wpforms-field-textarea\" data-field-id=\"6\"><label class=\"wpforms-field-label\" for=\"wpforms-34496-field_6\">Your wishes for the event <span class=\"wpforms-required-label\">*<\/span><\/label><textarea id=\"wpforms-34496-field_6\" class=\"wpforms-field-medium wpforms-field-required\" name=\"wpforms[fields][6]\" required><\/textarea><\/div><div id=\"wpforms-34496-field_7-container\" class=\"wpforms-field wpforms-field-checkbox\" data-field-id=\"7\"><label class=\"wpforms-field-label\">I give my consent to the saving of my customer information in Poukama\u2019s CRM system<\/label><ul id=\"wpforms-34496-field_7\"><li class=\"choice-1 depth-1\"><input type=\"checkbox\" id=\"wpforms-34496-field_7_1\" name=\"wpforms[fields][7][]\" value=\"Yes\"  ><label class=\"wpforms-field-label-inline\" for=\"wpforms-34496-field_7_1\">Yes<\/label><\/li><\/ul><\/div><\/div><!-- .wpforms-field-container --><div class=\"wpforms-recaptcha-container wpforms-is-recaptcha wpforms-is-recaptcha-type-v3\" ><input type=\"hidden\" name=\"wpforms[recaptcha]\" value=\"\"><\/div><div class=\"wpforms-submit-container\" ><input type=\"hidden\" name=\"wpforms[id]\" value=\"34496\"><input type=\"hidden\" name=\"page_title\" value=\"\"><input type=\"hidden\" name=\"page_url\" value=\"https:\/\/kokouspoukama.fi\/en\/wp-json\/wp\/v2\/pages\/3307\"><input type=\"hidden\" name=\"url_referer\" value=\"\"><button type=\"submit\" name=\"wpforms[submit]\" id=\"wpforms-submit-34496\" class=\"wpforms-submit\" data-alt-text=\"Sending...\" data-submit-text=\"Send\" aria-live=\"assertive\" value=\"wpforms-submit\">Send<\/button><img decoding=\"async\" src=\"https:\/\/kokouspoukama.fi\/wp-content\/plugins\/wpforms\/assets\/images\/submit-spin.svg\" class=\"wpforms-submit-spinner\" style=\"display: none;\" width=\"26\" height=\"26\" alt=\"Loading\"><\/div><\/form><\/div>  <!-- .wpforms-container --><\/span><\/p>\n<\/div>\n<div>\n<p>60.2685,25.6263<\/p>\n<\/div>\n<p><!--more--><br \/>\n<!-- {\"name\":\"\",\"type\":\"layout\",\"children\":[{\"name\":\"\",\"type\":\"section\",\"props\":{\"style\":\"default\",\"width\":\"large\",\"vertical_align\":\"middle\",\"title_position\":\"top-left\",\"title_rotation\":\"left\",\"title_breakpoint\":\"xl\",\"image_position\":\"center-center\"},\"children\":[{\"name\":\"\",\"type\":\"row\",\"props\":{\"layout\":\"1-2,1-2\"},\"children\":[{\"name\":\"\",\"type\":\"column\",\"props\":{\"image_position\":\"center-center\",\"width_small\":\"1-2\",\"position_sticky_breakpoint\":\"m\",\"media_overlay_gradient\":\"\"},\"children\":[{\"name\":\"\",\"type\":\"text\",\"props\":{\"margin\":\"default\",\"column_breakpoint\":\"m\",\"content\":\"\n\n<h2>CONTACT\\u00a0INFORMATION<\\\/h2>\\n\n\n<div>Kokouspoukama Oy<\\\/div>\\n\n\n<div>Em\\u00e4salontie 152<\\\/div>\\n\n\n<div>06950 Porvoo<br \\\/>FINLAND<\\\/div>\\n\n\n<div>\\u00a0<\\\/div>\\n\n\n<div>info@kokouspoukama.fi<\\\/div>\\n\n\n<h3>Sales team<\\\/h3>\\n\n\n<p><span style=\\\"font-weight: 400;\\\">Our sales service is open Monday\\u2013Friday from 8.30 a.m. to 4.30 p.m.<\\\/span><\\\/p>\\n\n\n<p><strong>Sami Talsi<\\\/strong><br \\\/><a href=\\\"tel:+358440490122\\\">+358 44 049 0122<\\\/a><br \\\/>sami@kokouspoukama.fi<\\\/p>\\n\n\n<p><strong>John R\\u00f6nnholm<\\\/strong><br \\\/><a href=\\\"tel:+358445505170\\\">+358 44 550 5170<\\\/a><br \\\/>jontte@kokouspoukama.fi<\\\/p>\\n\n\n<p><\\\/p>\"}},{\"name\":\"\",\"type\":\"image\",\"props\":{\"margin\":\"default\",\"image\":\"wp-content\\\/uploads\\\/2018\\\/08\\\/kokoupoukama-etaisyydet.png\",\"image_svg_color\":\"emphasis\"}}]},{\"name\":\"\",\"type\":\"column\",\"props\":{\"image_position\":\"center-center\",\"width_small\":\"1-2\",\"position_sticky_breakpoint\":\"m\",\"media_overlay_gradient\":\"\"},\"children\":[{\"name\":\"\",\"type\":\"headline\",\"props\":{\"title_element\":\"h1\",\"content\":\"\n\n<p>Request for quotation<\\\/p>\",\"title_style\":\"h2\"}},{\"name\":\"\",\"type\":\"text\",\"props\":{\"margin\":\"default\",\"column_breakpoint\":\"m\",\"content\":\"\n\n<p><span>[wpforms id=\\\"34496\\\"]<\\\/span><\\\/p>\"}}]}]}]},{\"name\":\"kartta\",\"type\":\"section\",\"props\":{\"style\":\"default\",\"width\":\"\",\"vertical_align\":\"middle\",\"title_position\":\"top-left\",\"title_rotation\":\"left\",\"title_breakpoint\":\"xl\",\"image_position\":\"center-center\",\"padding\":\"none\"},\"children\":[{\"name\":\"\",\"type\":\"row\",\"props\":{\"divider\":false,\"margin\":\"remove-vertical\"},\"children\":[{\"name\":\"\",\"type\":\"column\",\"props\":{\"image_position\":\"center-center\",\"width_medium\":\"1-1\",\"position_sticky_breakpoint\":\"m\",\"media_overlay_gradient\":\"\"},\"children\":[{\"name\":\"\",\"type\":\"map\",\"props\":{\"show_title\":true,\"type\":\"roadmap\",\"zoom\":\"10\",\"controls\":true,\"zooming\":true,\"dragging\":true,\"show_meta\":true,\"show_content\":true,\"show_image\":true,\"show_link\":true,\"min_zoom\":0,\"max_zoom\":18,\"title_hover_style\":\"reset\",\"title_element\":\"h3\",\"meta_style\":\"meta\",\"meta_align\":\"below-title\",\"meta_element\":\"div\",\"image_svg_color\":\"emphasis\",\"link_text\":\"Read more\",\"link_style\":\"default\",\"margin\":\"default\"},\"children\":[{\"name\":\"\",\"type\":\"map_item\",\"props\":{\"location\":\"60.2685,25.6263\"}}]}]}]}]}],\"version\":\"2.7.22\"} --><\/p>\n","protected":false},"excerpt":{"rendered":"<p>CONTACT\u00a0INFORMATION Kokouspoukama Oy Em\u00e4salontie 152 06950 PorvooFINLAND \u00a0 info@kokouspoukama.fi Sales team Our sales service is open Monday\u2013Friday from 8.30 a.m. to 4.30 p.m. Sami Talsi+358 44 049 0122sami@kokouspoukama.fi John R\u00f6nnholm+358 44 550 5170jontte@kokouspoukama.fi Request for quotation 60.2685,25.6263<\/p>\n","protected":false},"author":3,"featured_media":3308,"parent":0,"menu_order":0,"comment_status":"closed","ping_status":"closed","template":"","meta":{"footnotes":""},"class_list":["post-3307","page","type-page","status-publish","has-post-thumbnail","hentry"],"yoast_head":"<!-- This site is optimized with the Yoast SEO Premium plugin v27.1 (Yoast SEO v27.1.1) - https:\/\/yoast.com\/product\/yoast-seo-premium-wordpress\/ -->\n<title>Contact us - Kokouspoukama<\/title>\n<meta name=\"description\" content=\"Ota yhteytt\u00e4! Yhteystiedot: Poukama, Em\u00e4salontie 152, 06950 Porvoo. Puh. 020 733 0000. info(at)seikkailulaakso.com\" \/>\n<meta name=\"robots\" content=\"index, follow, max-snippet:-1, max-image-preview:large, max-video-preview:-1\" \/>\n<link rel=\"canonical\" href=\"https:\/\/kokouspoukama.fi\/yhteystiedot\/\" \/>\n<meta property=\"og:locale\" content=\"en_US\" \/>\n<meta property=\"og:type\" content=\"article\" \/>\n<meta property=\"og:title\" content=\"Contact us\" \/>\n<meta property=\"og:description\" content=\"Ota yhteytt\u00e4! Yhteystiedot: Poukama, Em\u00e4salontie 152, 06950 Porvoo. Puh. 020 733 0000. info(at)seikkailulaakso.com\" \/>\n<meta property=\"og:url\" content=\"https:\/\/kokouspoukama.fi\/yhteystiedot\/\" \/>\n<meta property=\"og:site_name\" content=\"Kokouspoukama\" \/>\n<meta property=\"article:publisher\" content=\"https:\/\/www.facebook.com\/porvoonpoukama\" \/>\n<meta property=\"article:modified_time\" content=\"2022-05-24T13:30:08+00:00\" \/>\n<meta property=\"og:image\" content=\"https:\/\/kokouspoukama.fi\/wp-content\/uploads\/2018\/04\/seikkailulaakso-auringonlasku.jpg\" \/>\n\t<meta property=\"og:image:width\" content=\"1920\" \/>\n\t<meta property=\"og:image:height\" content=\"940\" \/>\n\t<meta property=\"og:image:type\" content=\"image\/jpeg\" \/>\n<meta name=\"twitter:card\" content=\"summary_large_image\" \/>\n<script type=\"application\/ld+json\" class=\"yoast-schema-graph\">{\"@context\":\"https:\/\/schema.org\",\"@graph\":[{\"@type\":\"WebPage\",\"@id\":\"https:\/\/kokouspoukama.fi\/yhteystiedot\/\",\"url\":\"https:\/\/kokouspoukama.fi\/yhteystiedot\/\",\"name\":\"Contact us - Kokouspoukama\",\"isPartOf\":{\"@id\":\"https:\/\/kokouspoukama.fi\/#website\"},\"primaryImageOfPage\":{\"@id\":\"https:\/\/kokouspoukama.fi\/yhteystiedot\/#primaryimage\"},\"image\":{\"@id\":\"https:\/\/kokouspoukama.fi\/yhteystiedot\/#primaryimage\"},\"thumbnailUrl\":\"https:\/\/kokouspoukama.fi\/wp-content\/uploads\/2018\/04\/seikkailulaakso-auringonlasku.jpg\",\"datePublished\":\"2018-04-04T07:09:04+00:00\",\"dateModified\":\"2022-05-24T13:30:08+00:00\",\"description\":\"Ota yhteytt\u00e4! Yhteystiedot: Poukama, Em\u00e4salontie 152, 06950 Porvoo. Puh. 020 733 0000. info(at)seikkailulaakso.com\",\"breadcrumb\":{\"@id\":\"https:\/\/kokouspoukama.fi\/yhteystiedot\/#breadcrumb\"},\"inLanguage\":\"en-US\",\"potentialAction\":[{\"@type\":\"ReadAction\",\"target\":[\"https:\/\/kokouspoukama.fi\/yhteystiedot\/\"]}]},{\"@type\":\"ImageObject\",\"inLanguage\":\"en-US\",\"@id\":\"https:\/\/kokouspoukama.fi\/yhteystiedot\/#primaryimage\",\"url\":\"https:\/\/kokouspoukama.fi\/wp-content\/uploads\/2018\/04\/seikkailulaakso-auringonlasku.jpg\",\"contentUrl\":\"https:\/\/kokouspoukama.fi\/wp-content\/uploads\/2018\/04\/seikkailulaakso-auringonlasku.jpg\",\"width\":1920,\"height\":940},{\"@type\":\"BreadcrumbList\",\"@id\":\"https:\/\/kokouspoukama.fi\/yhteystiedot\/#breadcrumb\",\"itemListElement\":[{\"@type\":\"ListItem\",\"position\":1,\"name\":\"Home\",\"item\":\"https:\/\/kokouspoukama.fi\/en\/\"},{\"@type\":\"ListItem\",\"position\":2,\"name\":\"Contact us\"}]},{\"@type\":\"WebSite\",\"@id\":\"https:\/\/kokouspoukama.fi\/#website\",\"url\":\"https:\/\/kokouspoukama.fi\/\",\"name\":\"Kokouspoukama\",\"description\":\"Kokoustilat, virkistysp\u00e4iv\u00e4t ja kokoushotelli Helsingin l\u00e4hell\u00e4\",\"publisher\":{\"@id\":\"https:\/\/kokouspoukama.fi\/#organization\"},\"potentialAction\":[{\"@type\":\"SearchAction\",\"target\":{\"@type\":\"EntryPoint\",\"urlTemplate\":\"https:\/\/kokouspoukama.fi\/?s={search_term_string}\"},\"query-input\":{\"@type\":\"PropertyValueSpecification\",\"valueRequired\":true,\"valueName\":\"search_term_string\"}}],\"inLanguage\":\"en-US\"},{\"@type\":\"Organization\",\"@id\":\"https:\/\/kokouspoukama.fi\/#organization\",\"name\":\"Kokouspoukama\",\"url\":\"https:\/\/kokouspoukama.fi\/\",\"logo\":{\"@type\":\"ImageObject\",\"inLanguage\":\"en-US\",\"@id\":\"https:\/\/kokouspoukama.fi\/#\/schema\/logo\/image\/\",\"url\":\"https:\/\/kokouspoukama.fi\/wp-content\/uploads\/2018\/06\/Poukama_logo_secondary_black-e1530794758505.png\",\"contentUrl\":\"https:\/\/kokouspoukama.fi\/wp-content\/uploads\/2018\/06\/Poukama_logo_secondary_black-e1530794758505.png\",\"width\":200,\"height\":200,\"caption\":\"Kokouspoukama\"},\"image\":{\"@id\":\"https:\/\/kokouspoukama.fi\/#\/schema\/logo\/image\/\"},\"sameAs\":[\"https:\/\/www.facebook.com\/porvoonpoukama\",\"https:\/\/www.instagram.com\/porvoonpoukama\",\"https:\/\/www.youtube.com\/channel\/UCdScx5ybEv4XWNYx_n9rUog\"]}]}<\/script>\n<!-- \/ Yoast SEO Premium plugin. -->","yoast_head_json":{"title":"Contact us - Kokouspoukama","description":"Ota yhteytt\u00e4! Yhteystiedot: Poukama, Em\u00e4salontie 152, 06950 Porvoo. Puh. 020 733 0000. info(at)seikkailulaakso.com","robots":{"index":"index","follow":"follow","max-snippet":"max-snippet:-1","max-image-preview":"max-image-preview:large","max-video-preview":"max-video-preview:-1"},"canonical":"https:\/\/kokouspoukama.fi\/yhteystiedot\/","og_locale":"en_US","og_type":"article","og_title":"Contact us","og_description":"Ota yhteytt\u00e4! Yhteystiedot: Poukama, Em\u00e4salontie 152, 06950 Porvoo. Puh. 020 733 0000. info(at)seikkailulaakso.com","og_url":"https:\/\/kokouspoukama.fi\/yhteystiedot\/","og_site_name":"Kokouspoukama","article_publisher":"https:\/\/www.facebook.com\/porvoonpoukama","article_modified_time":"2022-05-24T13:30:08+00:00","og_image":[{"width":1920,"height":940,"url":"https:\/\/kokouspoukama.fi\/wp-content\/uploads\/2018\/04\/seikkailulaakso-auringonlasku.jpg","type":"image\/jpeg"}],"twitter_card":"summary_large_image","schema":{"@context":"https:\/\/schema.org","@graph":[{"@type":"WebPage","@id":"https:\/\/kokouspoukama.fi\/yhteystiedot\/","url":"https:\/\/kokouspoukama.fi\/yhteystiedot\/","name":"Contact us - Kokouspoukama","isPartOf":{"@id":"https:\/\/kokouspoukama.fi\/#website"},"primaryImageOfPage":{"@id":"https:\/\/kokouspoukama.fi\/yhteystiedot\/#primaryimage"},"image":{"@id":"https:\/\/kokouspoukama.fi\/yhteystiedot\/#primaryimage"},"thumbnailUrl":"https:\/\/kokouspoukama.fi\/wp-content\/uploads\/2018\/04\/seikkailulaakso-auringonlasku.jpg","datePublished":"2018-04-04T07:09:04+00:00","dateModified":"2022-05-24T13:30:08+00:00","description":"Ota yhteytt\u00e4! Yhteystiedot: Poukama, Em\u00e4salontie 152, 06950 Porvoo. Puh. 020 733 0000. info(at)seikkailulaakso.com","breadcrumb":{"@id":"https:\/\/kokouspoukama.fi\/yhteystiedot\/#breadcrumb"},"inLanguage":"en-US","potentialAction":[{"@type":"ReadAction","target":["https:\/\/kokouspoukama.fi\/yhteystiedot\/"]}]},{"@type":"ImageObject","inLanguage":"en-US","@id":"https:\/\/kokouspoukama.fi\/yhteystiedot\/#primaryimage","url":"https:\/\/kokouspoukama.fi\/wp-content\/uploads\/2018\/04\/seikkailulaakso-auringonlasku.jpg","contentUrl":"https:\/\/kokouspoukama.fi\/wp-content\/uploads\/2018\/04\/seikkailulaakso-auringonlasku.jpg","width":1920,"height":940},{"@type":"BreadcrumbList","@id":"https:\/\/kokouspoukama.fi\/yhteystiedot\/#breadcrumb","itemListElement":[{"@type":"ListItem","position":1,"name":"Home","item":"https:\/\/kokouspoukama.fi\/en\/"},{"@type":"ListItem","position":2,"name":"Contact us"}]},{"@type":"WebSite","@id":"https:\/\/kokouspoukama.fi\/#website","url":"https:\/\/kokouspoukama.fi\/","name":"Kokouspoukama","description":"Kokoustilat, virkistysp\u00e4iv\u00e4t ja kokoushotelli Helsingin l\u00e4hell\u00e4","publisher":{"@id":"https:\/\/kokouspoukama.fi\/#organization"},"potentialAction":[{"@type":"SearchAction","target":{"@type":"EntryPoint","urlTemplate":"https:\/\/kokouspoukama.fi\/?s={search_term_string}"},"query-input":{"@type":"PropertyValueSpecification","valueRequired":true,"valueName":"search_term_string"}}],"inLanguage":"en-US"},{"@type":"Organization","@id":"https:\/\/kokouspoukama.fi\/#organization","name":"Kokouspoukama","url":"https:\/\/kokouspoukama.fi\/","logo":{"@type":"ImageObject","inLanguage":"en-US","@id":"https:\/\/kokouspoukama.fi\/#\/schema\/logo\/image\/","url":"https:\/\/kokouspoukama.fi\/wp-content\/uploads\/2018\/06\/Poukama_logo_secondary_black-e1530794758505.png","contentUrl":"https:\/\/kokouspoukama.fi\/wp-content\/uploads\/2018\/06\/Poukama_logo_secondary_black-e1530794758505.png","width":200,"height":200,"caption":"Kokouspoukama"},"image":{"@id":"https:\/\/kokouspoukama.fi\/#\/schema\/logo\/image\/"},"sameAs":["https:\/\/www.facebook.com\/porvoonpoukama","https:\/\/www.instagram.com\/porvoonpoukama","https:\/\/www.youtube.com\/channel\/UCdScx5ybEv4XWNYx_n9rUog"]}]}},"_links":{"self":[{"href":"https:\/\/kokouspoukama.fi\/en\/wp-json\/wp\/v2\/pages\/3307","targetHints":{"allow":["GET"]}}],"collection":[{"href":"https:\/\/kokouspoukama.fi\/en\/wp-json\/wp\/v2\/pages"}],"about":[{"href":"https:\/\/kokouspoukama.fi\/en\/wp-json\/wp\/v2\/types\/page"}],"author":[{"embeddable":true,"href":"https:\/\/kokouspoukama.fi\/en\/wp-json\/wp\/v2\/users\/3"}],"replies":[{"embeddable":true,"href":"https:\/\/kokouspoukama.fi\/en\/wp-json\/wp\/v2\/comments?post=3307"}],"version-history":[{"count":0,"href":"https:\/\/kokouspoukama.fi\/en\/wp-json\/wp\/v2\/pages\/3307\/revisions"}],"wp:featuredmedia":[{"embeddable":true,"href":"https:\/\/kokouspoukama.fi\/en\/wp-json\/wp\/v2\/media\/3308"}],"wp:attachment":[{"href":"https:\/\/kokouspoukama.fi\/en\/wp-json\/wp\/v2\/media?parent=3307"}],"curies":[{"name":"wp","href":"https:\/\/api.w.org\/{rel}","templated":true}]}}